{"id":2588,"date":"2018-04-26T14:20:41","date_gmt":"2018-04-26T14:20:41","guid":{"rendered":"http:\/\/apaefo.com\/activitats\/"},"modified":"2025-06-05T08:59:07","modified_gmt":"2025-06-05T08:59:07","slug":"activites","status":"publish","type":"page","link":"https:\/\/apaefo.com\/fr\/activites\/","title":{"rendered":"Activit\u00e9s"},"content":{"rendered":"<p>[vc_row][vc_column][vc_column_text]<\/p>\n<div style=\"padding: 15px 6%;\">\n<h2>Fonctionnement des activit\u00e9s <!-- h2--><\/h2>\n<p class=\"big\" style=\"text-align: justifier;\">APAEFO est l&rsquo;entit\u00e9 charg\u00e9e d&rsquo;offrir le service d&rsquo;activit\u00e9 aux enfants les mercredi et vendredi apr\u00e8s-midi.<\/p>\n<p>&nbsp;<\/p>\n<p class=\"big\" style=\"text-align: justifier;\">Vous pouvez consulter les activit\u00e9s disponibles , en cliquant sur l&rsquo;onglet correspondant.<\/p>\n<pre id=\"tw-target-text\" class=\"tw-data-text tw-text-large tw-ta\" dir=\"ltr\" data-placeholder=\"Traducci\u00f3\"><\/pre>\n<p class=\"big\" style=\"text-align: justifier;\"><!-- p--><\/p>\n<p class=\"big\" style=\"text-align: justifier;\">Pour b\u00e9n\u00e9ficier du service d&rsquo;activit\u00e9, vous devez \u00eatre \u00e0 jour du paiement de tous les re\u00e7us de l&rsquo;APAEFO, actuels et pr\u00e9c\u00e9dents, ainsi que du paiement de la quota. En cas de retour bancaire, les parents devront assumer les frais (3 \u20ac \u00e0 l&rsquo;heure actuelle) et effectuer le paiement sur le compte bancaire qui facilitera l&rsquo;association. Par d\u00e9faut, le service sera annul\u00e9. Les inscriptions ne seront en aucun cas accept\u00e9es s&rsquo;il y a des re\u00e7us en attente du paiement des cours pr\u00e9c\u00e9dents. Le non-respect de ce point constituera un motif suffisant pour d\u00e9sinscrire votre enfant des activit\u00e9s. <!-- P--><\/p>\n<p class=\"big\" style=\"text-align: just;\"><span style=\"background-color: # f89c04; color: #ffffff;\"> Nous vous rappelons que les abonnements ont un caract\u00e8re trimestriel (partie septembre, octobre, novembre et d\u00e9cembre font partie du premier trimestre), automatiquement renouvelable Si vous souhaitez un changement o l\u2019annulation d\u2019activit\u00e9s, il faudra notifier a la secr\u00e9taire de l\u2019APAEFO par \u00e9crit \u00e0 apaefogestio @ gmail., durant le dernier mois du trimestre. Le paiement sera effectu\u00e9 mensuellement, \u00e0 l&rsquo;exception de la partie proportionnelle du mois de septembre que nous ajouterons au mois d&rsquo;octobre, par pr\u00e9l\u00e8vement automatique, conform\u00e9ment aux informations indiqu\u00e9es dans le formulaire d&rsquo;inscription.<br \/>\nCette programmation est sujette \u00e0 des modifications en fonction des inscriptions. Les r\u00e8gles seront les m\u00eames que dans le service de cantine <!-- p--> <!-- p--><\/span><\/p>\n<\/div>\n<p>[\/vc_column_text][\/vc_column][\/vc_row]<\/p>\n","protected":false},"excerpt":{"rendered":"<p>[vc_row][vc_column][vc_column_text] Fonctionnement des activit\u00e9s APAEFO est l&rsquo;entit\u00e9 charg\u00e9e d&rsquo;offrir le service d&rsquo;activit\u00e9 aux enfants les mercredi et vendredi apr\u00e8s-midi. &nbsp; Vous pouvez consulter les activit\u00e9s disponibles<span class=\"excerpt-hellip\"> [\u2026]<\/span><\/p>\n","protected":false},"author":2,"featured_media":0,"parent":0,"menu_order":0,"comment_status":"open","ping_status":"open","template":"","meta":{"footnotes":""},"_links":{"self":[{"href":"https:\/\/apaefo.com\/fr\/wp-json\/wp\/v2\/pages\/2588"}],"collection":[{"href":"https:\/\/apaefo.com\/fr\/wp-json\/wp\/v2\/pages"}],"about":[{"href":"https:\/\/apaefo.com\/fr\/wp-json\/wp\/v2\/types\/page"}],"author":[{"embeddable":true,"href":"https:\/\/apaefo.com\/fr\/wp-json\/wp\/v2\/users\/2"}],"replies":[{"embeddable":true,"href":"https:\/\/apaefo.com\/fr\/wp-json\/wp\/v2\/comments?post=2588"}],"version-history":[{"count":18,"href":"https:\/\/apaefo.com\/fr\/wp-json\/wp\/v2\/pages\/2588\/revisions"}],"predecessor-version":[{"id":4756,"href":"https:\/\/apaefo.com\/fr\/wp-json\/wp\/v2\/pages\/2588\/revisions\/4756"}],"wp:attachment":[{"href":"https:\/\/apaefo.com\/fr\/wp-json\/wp\/v2\/media?parent=2588"}],"curies":[{"name":"wp","href":"https:\/\/api.w.org\/{rel}","templated":true}]}}